{"id":42,"date":"2021-03-03T09:05:37","date_gmt":"2021-03-03T09:05:37","guid":{"rendered":"https:\/\/staging.maengelmanagement-software.de\/?page_id=42"},"modified":"2022-10-10T08:31:05","modified_gmt":"2022-10-10T08:31:05","slug":"impressum","status":"publish","type":"page","link":"https:\/\/maengelmanagement-software.de\/index.php\/impressum\/","title":{"rendered":"Impressum"},"content":{"rendered":"\t\t<div data-elementor-type=\"wp-page\" data-elementor-id=\"42\" class=\"elementor elementor-42\">\n\t\t\t\t\t\t<section class=\"elementor-section elementor-top-section elementor-element elementor-element-33e1823 elementor-section-boxed elementor-section-height-default elementor-section-height-default\" data-id=\"33e1823\" data-element_type=\"section\" data-e-type=\"section\">\n\t\t\t\t\t\t<div class=\"elementor-container elementor-column-gap-default\">\n\t\t\t\t\t<div class=\"elementor-column elementor-col-100 elementor-top-column elementor-element elementor-element-56abaf8\" data-id=\"56abaf8\" data-element_type=\"column\" data-e-type=\"column\">\n\t\t\t<div class=\"elementor-widget-wrap elementor-element-populated\">\n\t\t\t\t\t\t<div class=\"elementor-element elementor-element-f8311d4 elementor-widget elementor-widget-heading\" data-id=\"f8311d4\" data-element_type=\"widget\" data-e-type=\"widget\" data-widget_type=\"heading.default\">\n\t\t\t\t<div class=\"elementor-widget-container\">\n\t\t\t\t\t<h2 class=\"elementor-heading-title elementor-size-default\">Impressum<\/h2>\t\t\t\t<\/div>\n\t\t\t\t<\/div>\n\t\t\t\t<div class=\"elementor-element elementor-element-0d16dad elementor-widget elementor-widget-text-editor\" data-id=\"0d16dad\" data-element_type=\"widget\" data-e-type=\"widget\" data-widget_type=\"text-editor.default\">\n\t\t\t\t<div class=\"elementor-widget-container\">\n\t\t\t\t\t\t\t\t\t<p>Diese Webseite wird von der ProFM Facility &amp; Project Management GmbH \u2013 nachfolgend ProFM GmbH \u2013 betreiben.<\/p><h5>Anschrift<\/h5><p>Markstra\u00dfe 47-49<br \/>64401 Gro\u00df-Bieberau<br \/>Deutschland<\/p><h5>Allgemeine Informationen<\/h5><p>Rechtsform: Gesellschaft mit beschr\u00e4nkter Haftung<br \/>Handelsregister: Amtsgericht Darmstadt HRB 88368<br \/>Sitz der Gesellschaft: Gro\u00df-Bieberau<br \/>Umsatzsteueridentifikationsnummer: DE 267 854 875<\/p><h5>Kontakt<\/h5><p>Telefon: +49 (0) 6162 800 4 1250<br \/>Telefax: +49 (0) 6162 800 44-4<br \/>E-Mail: info@profm-gmbh.de<\/p><h5>Gesch\u00e4ftsleitung<\/h5><p>Die ProFM GmbH wird gesetzlich durch ihre Gesch\u00e4ftsf\u00fchrung vertreten, dieser geh\u00f6ren an Herr Stefan Schaffner und Herr Claus Mink.<\/p><p>Journalistisch-redaktionell gestaltete Informationspflichten<br \/>Inhaltlicher Verantwortlicher im Sinne des \u00a7 55 Absatz 2 Rundfunkstaatsvertrages (RStV) ist Herr Stefan Schaffner; die Anschrift ist nicht von der oben Aufgef\u00fchrten abweichend.<\/p><h5>Externe Links<\/h5><p>Mit Urteil vom 12. Mai 1998 \u2013 312 O 85\/98 \u2013 \u201cHaftung f\u00fcr Links\u201d hat das Landgericht (LG) Hamburg entschieden, dass man durch die Anbringung eines Links, die Inhalte der gelinkten Seite ggf. mit zu verantworten hat. Dies kann \u2013 so das LG \u2013 nur dadurch verhindert werden, dass man sich ausdr\u00fccklich von diesen Inhalten distanziert. Hiermit distanzieren wir uns ausdr\u00fccklich von allen Inhalten aller gelinkten Seiten auf unserer Homepage und machen uns diese Inhalte nicht zu eigen. Diese Erkl\u00e4rung gilt f\u00fcr alle in diesem Projekt (auf dieser Website) angebrachten Links.<\/p><h5>Haftungsausschluss<\/h5><p>Die Informationen auf diesen Webseiten verstehen sich als \u201cAussagen an sich\u201d ohne implizite Garantien jedweder Art. Die bereitgestellten Informationen auf diesen Webseiten wurden sorgf\u00e4ltig gepr\u00fcft und werden regelm\u00e4\u00dfig aktualisiert. Jedoch kann keine Garantie daf\u00fcr \u00fcbernommen werden, dass alle Angaben zu jeder Zeit vollst\u00e4ndig, richtig und in letzter Aktualit\u00e4t dargestellt sind. Dies gilt insbesondere f\u00fcr alle Verbindungen (\u201dLinks\u201d) zu anderen Web Sites, auf die direkt oder indirekt verwiesen wird. Alle Angaben k\u00f6nnen ohne vorherige Ank\u00fcndigung erg\u00e4nzt, entfernt oder ge\u00e4ndert werden. Au\u00dferdem liegt es nicht in unserer Verantwortung, Vorsichtsma\u00dfnahmen zu ergreifen gegen destruktive Programme oder Programmteile wie Viren, Worms, Trojanische Pferde o.\u00e4., die auf Webservern liegen, die m\u00f6glicherweise durch Links von unseren Webseiten aus erreicht werden.<\/p><p>\u00a9 ProFM GmbH, Gro\u00df-Bieberau, Germany<\/p>\t\t\t\t\t\t\t\t<\/div>\n\t\t\t\t<\/div>\n\t\t\t\t\t<\/div>\n\t\t<\/div>\n\t\t\t\t\t<\/div>\n\t\t<\/section>\n\t\t\t\t<\/div>\n\t\t","protected":false},"excerpt":{"rendered":"<p>Impressum Diese Webseite wird von der ProFM Facility &amp; Project Management GmbH \u2013 nachfolgend ProFM GmbH \u2013 betreiben. Anschrift Markstra\u00dfe 47-4964401 Gro\u00df-BieberauDeutschland Allgemeine Informationen Rechtsform: Gesellschaft mit beschr\u00e4nkter HaftungHandelsregister: Amtsgericht Darmstadt HRB 88368Sitz der Gesellschaft: Gro\u00df-BieberauUmsatzsteueridentifikationsnummer: DE 267 854 875 Kontakt Telefon: +49 (0) 6162 800 4 1250Telefax: +49 (0) 6162 800 44-4E-Mail: info@profm-gmbh.de Gesch\u00e4ftsleitung [&hellip;]<\/p>\n","protected":false},"author":3,"featured_media":0,"parent":0,"menu_order":7,"comment_status":"closed","ping_status":"closed","template":"","meta":{"content-type":"","footnotes":""},"class_list":["post-42","page","type-page","status-publish","hentry"],"yoast_head":"<!-- This site is optimized with the Yoast SEO plugin v27.3 - https:\/\/yoast.com\/product\/yoast-seo-wordpress\/ -->\n<title>Impressum - MMS - M\u00e4ngelmanagement mit System<\/title>\n<meta name=\"robots\" content=\"index, follow, max-snippet:-1, max-image-preview:large, max-video-preview:-1\" \/>\n<link rel=\"canonical\" href=\"https:\/\/maengelmanagement-software.de\/index.php\/impressum\/\" \/>\n<meta property=\"og:locale\" content=\"de_DE\" \/>\n<meta property=\"og:type\" content=\"article\" \/>\n<meta property=\"og:title\" content=\"Impressum - MMS - M\u00e4ngelmanagement mit System\" \/>\n<meta property=\"og:description\" content=\"Impressum Diese Webseite wird von der ProFM Facility &amp; Project Management GmbH \u2013 nachfolgend ProFM GmbH \u2013 betreiben. Anschrift Markstra\u00dfe 47-4964401 Gro\u00df-BieberauDeutschland Allgemeine Informationen Rechtsform: Gesellschaft mit beschr\u00e4nkter HaftungHandelsregister: Amtsgericht Darmstadt HRB 88368Sitz der Gesellschaft: Gro\u00df-BieberauUmsatzsteueridentifikationsnummer: DE 267 854 875 Kontakt Telefon: +49 (0) 6162 800 4 1250Telefax: +49 (0) 6162 800 44-4E-Mail: info@profm-gmbh.de Gesch\u00e4ftsleitung [&hellip;]\" \/>\n<meta property=\"og:url\" content=\"https:\/\/maengelmanagement-software.de\/index.php\/impressum\/\" \/>\n<meta property=\"og:site_name\" content=\"MMS - M\u00e4ngelmanagement mit System\" \/>\n<meta property=\"article:modified_time\" content=\"2022-10-10T08:31:05+00:00\" \/>\n<meta name=\"twitter:card\" content=\"summary_large_image\" \/>\n<meta name=\"twitter:label1\" content=\"Gesch\u00e4tzte Lesezeit\" \/>\n\t<meta name=\"twitter:data1\" content=\"2\u00a0Minuten\" \/>\n<script type=\"application\/ld+json\" class=\"yoast-schema-graph\">{\"@context\":\"https:\\\/\\\/schema.org\",\"@graph\":[{\"@type\":\"WebPage\",\"@id\":\"https:\\\/\\\/maengelmanagement-software.de\\\/index.php\\\/impressum\\\/\",\"url\":\"https:\\\/\\\/maengelmanagement-software.de\\\/index.php\\\/impressum\\\/\",\"name\":\"Impressum - MMS - M\u00e4ngelmanagement mit System\",\"isPartOf\":{\"@id\":\"https:\\\/\\\/maengelmanagement-software.de\\\/#website\"},\"datePublished\":\"2021-03-03T09:05:37+00:00\",\"dateModified\":\"2022-10-10T08:31:05+00:00\",\"breadcrumb\":{\"@id\":\"https:\\\/\\\/maengelmanagement-software.de\\\/index.php\\\/impressum\\\/#breadcrumb\"},\"inLanguage\":\"de\",\"potentialAction\":[{\"@type\":\"ReadAction\",\"target\":[\"https:\\\/\\\/maengelmanagement-software.de\\\/index.php\\\/impressum\\\/\"]}]},{\"@type\":\"BreadcrumbList\",\"@id\":\"https:\\\/\\\/maengelmanagement-software.de\\\/index.php\\\/impressum\\\/#breadcrumb\",\"itemListElement\":[{\"@type\":\"ListItem\",\"position\":1,\"name\":\"Startseite\",\"item\":\"https:\\\/\\\/maengelmanagement-software.de\\\/\"},{\"@type\":\"ListItem\",\"position\":2,\"name\":\"Impressum\"}]},{\"@type\":\"WebSite\",\"@id\":\"https:\\\/\\\/maengelmanagement-software.de\\\/#website\",\"url\":\"https:\\\/\\\/maengelmanagement-software.de\\\/\",\"name\":\"MMS - M\u00e4ngelmanagement mit System\",\"description\":\"\",\"publisher\":{\"@id\":\"https:\\\/\\\/maengelmanagement-software.de\\\/#organization\"},\"potentialAction\":[{\"@type\":\"SearchAction\",\"target\":{\"@type\":\"EntryPoint\",\"urlTemplate\":\"https:\\\/\\\/maengelmanagement-software.de\\\/?s={search_term_string}\"},\"query-input\":{\"@type\":\"PropertyValueSpecification\",\"valueRequired\":true,\"valueName\":\"search_term_string\"}}],\"inLanguage\":\"de\"},{\"@type\":\"Organization\",\"@id\":\"https:\\\/\\\/maengelmanagement-software.de\\\/#organization\",\"name\":\"MMS - M\u00e4ngelmanagement mit System\",\"url\":\"https:\\\/\\\/maengelmanagement-software.de\\\/\",\"logo\":{\"@type\":\"ImageObject\",\"inLanguage\":\"de\",\"@id\":\"https:\\\/\\\/maengelmanagement-software.de\\\/#\\\/schema\\\/logo\\\/image\\\/\",\"url\":\"https:\\\/\\\/maengelmanagement-software.de\\\/wp-content\\\/uploads\\\/2026\\\/02\\\/cropped-Vericonda_mms-Logo.png\",\"contentUrl\":\"https:\\\/\\\/maengelmanagement-software.de\\\/wp-content\\\/uploads\\\/2026\\\/02\\\/cropped-Vericonda_mms-Logo.png\",\"width\":210,\"height\":77,\"caption\":\"MMS - M\u00e4ngelmanagement mit System\"},\"image\":{\"@id\":\"https:\\\/\\\/maengelmanagement-software.de\\\/#\\\/schema\\\/logo\\\/image\\\/\"}}]}<\/script>\n<!-- \/ Yoast SEO plugin. -->","yoast_head_json":{"title":"Impressum - MMS - M\u00e4ngelmanagement mit System","robots":{"index":"index","follow":"follow","max-snippet":"max-snippet:-1","max-image-preview":"max-image-preview:large","max-video-preview":"max-video-preview:-1"},"canonical":"https:\/\/maengelmanagement-software.de\/index.php\/impressum\/","og_locale":"de_DE","og_type":"article","og_title":"Impressum - MMS - M\u00e4ngelmanagement mit System","og_description":"Impressum Diese Webseite wird von der ProFM Facility &amp; Project Management GmbH \u2013 nachfolgend ProFM GmbH \u2013 betreiben. Anschrift Markstra\u00dfe 47-4964401 Gro\u00df-BieberauDeutschland Allgemeine Informationen Rechtsform: Gesellschaft mit beschr\u00e4nkter HaftungHandelsregister: Amtsgericht Darmstadt HRB 88368Sitz der Gesellschaft: Gro\u00df-BieberauUmsatzsteueridentifikationsnummer: DE 267 854 875 Kontakt Telefon: +49 (0) 6162 800 4 1250Telefax: +49 (0) 6162 800 44-4E-Mail: info@profm-gmbh.de Gesch\u00e4ftsleitung [&hellip;]","og_url":"https:\/\/maengelmanagement-software.de\/index.php\/impressum\/","og_site_name":"MMS - M\u00e4ngelmanagement mit System","article_modified_time":"2022-10-10T08:31:05+00:00","twitter_card":"summary_large_image","twitter_misc":{"Gesch\u00e4tzte Lesezeit":"2\u00a0Minuten"},"schema":{"@context":"https:\/\/schema.org","@graph":[{"@type":"WebPage","@id":"https:\/\/maengelmanagement-software.de\/index.php\/impressum\/","url":"https:\/\/maengelmanagement-software.de\/index.php\/impressum\/","name":"Impressum - MMS - M\u00e4ngelmanagement mit System","isPartOf":{"@id":"https:\/\/maengelmanagement-software.de\/#website"},"datePublished":"2021-03-03T09:05:37+00:00","dateModified":"2022-10-10T08:31:05+00:00","breadcrumb":{"@id":"https:\/\/maengelmanagement-software.de\/index.php\/impressum\/#breadcrumb"},"inLanguage":"de","potentialAction":[{"@type":"ReadAction","target":["https:\/\/maengelmanagement-software.de\/index.php\/impressum\/"]}]},{"@type":"BreadcrumbList","@id":"https:\/\/maengelmanagement-software.de\/index.php\/impressum\/#breadcrumb","itemListElement":[{"@type":"ListItem","position":1,"name":"Startseite","item":"https:\/\/maengelmanagement-software.de\/"},{"@type":"ListItem","position":2,"name":"Impressum"}]},{"@type":"WebSite","@id":"https:\/\/maengelmanagement-software.de\/#website","url":"https:\/\/maengelmanagement-software.de\/","name":"MMS - M\u00e4ngelmanagement mit System","description":"","publisher":{"@id":"https:\/\/maengelmanagement-software.de\/#organization"},"potentialAction":[{"@type":"SearchAction","target":{"@type":"EntryPoint","urlTemplate":"https:\/\/maengelmanagement-software.de\/?s={search_term_string}"},"query-input":{"@type":"PropertyValueSpecification","valueRequired":true,"valueName":"search_term_string"}}],"inLanguage":"de"},{"@type":"Organization","@id":"https:\/\/maengelmanagement-software.de\/#organization","name":"MMS - M\u00e4ngelmanagement mit System","url":"https:\/\/maengelmanagement-software.de\/","logo":{"@type":"ImageObject","inLanguage":"de","@id":"https:\/\/maengelmanagement-software.de\/#\/schema\/logo\/image\/","url":"https:\/\/maengelmanagement-software.de\/wp-content\/uploads\/2026\/02\/cropped-Vericonda_mms-Logo.png","contentUrl":"https:\/\/maengelmanagement-software.de\/wp-content\/uploads\/2026\/02\/cropped-Vericonda_mms-Logo.png","width":210,"height":77,"caption":"MMS - M\u00e4ngelmanagement mit System"},"image":{"@id":"https:\/\/maengelmanagement-software.de\/#\/schema\/logo\/image\/"}}]}},"_links":{"self":[{"href":"https:\/\/maengelmanagement-software.de\/index.php\/wp-json\/wp\/v2\/pages\/42","targetHints":{"allow":["GET"]}}],"collection":[{"href":"https:\/\/maengelmanagement-software.de\/index.php\/wp-json\/wp\/v2\/pages"}],"about":[{"href":"https:\/\/maengelmanagement-software.de\/index.php\/wp-json\/wp\/v2\/types\/page"}],"author":[{"embeddable":true,"href":"https:\/\/maengelmanagement-software.de\/index.php\/wp-json\/wp\/v2\/users\/3"}],"replies":[{"embeddable":true,"href":"https:\/\/maengelmanagement-software.de\/index.php\/wp-json\/wp\/v2\/comments?post=42"}],"version-history":[{"count":13,"href":"https:\/\/maengelmanagement-software.de\/index.php\/wp-json\/wp\/v2\/pages\/42\/revisions"}],"predecessor-version":[{"id":193,"href":"https:\/\/maengelmanagement-software.de\/index.php\/wp-json\/wp\/v2\/pages\/42\/revisions\/193"}],"wp:attachment":[{"href":"https:\/\/maengelmanagement-software.de\/index.php\/wp-json\/wp\/v2\/media?parent=42"}],"curies":[{"name":"wp","href":"https:\/\/api.w.org\/{rel}","templated":true}]}}